{"id":22,"date":"2023-06-30T11:09:46","date_gmt":"2023-06-30T11:09:46","guid":{"rendered":"https:\/\/world-trade-search.com\/?page_id=22"},"modified":"2023-06-30T11:09:46","modified_gmt":"2023-06-30T11:09:46","slug":"live-betting-fortsatter-oka-i-popularitet","status":"publish","type":"page","link":"http:\/\/world-trade-search.com\/index.php\/live-betting-fortsatter-oka-i-popularitet\/","title":{"rendered":"Live betting forts\u00e4tter \u00f6ka i popularitet"},"content":{"rendered":"<p><img loading=\"lazy\" decoding=\"async\" class=\"size-medium wp-image-17 alignright\" src=\"http:\/\/world-trade-search.com\/wp-content\/uploads\/2023\/03\/Spela-online-casino-26-300x200.jpg\" alt=\"Betta p\u00e5 match\" width=\"300\" height=\"200\" srcset=\"http:\/\/world-trade-search.com\/wp-content\/uploads\/2023\/03\/Spela-online-casino-26-300x200.jpg 300w, http:\/\/world-trade-search.com\/wp-content\/uploads\/2023\/03\/Spela-online-casino-26-768x511.jpg 768w, http:\/\/world-trade-search.com\/wp-content\/uploads\/2023\/03\/Spela-online-casino-26-230x153.jpg 230w, http:\/\/world-trade-search.com\/wp-content\/uploads\/2023\/03\/Spela-online-casino-26-350x233.jpg 350w, http:\/\/world-trade-search.com\/wp-content\/uploads\/2023\/03\/Spela-online-casino-26-480x320.jpg 480w, http:\/\/world-trade-search.com\/wp-content\/uploads\/2023\/03\/Spela-online-casino-26.jpg 1000w\" sizes=\"auto, (max-width: 300px) 100vw, 300px\" \/>Det blir allt mer popul\u00e4rt att betta live p\u00e5 matcherna via dator eller telefon. Det kan du numera g\u00f6ra hos de flesta spelsajter online. S\u00e5 snart en match eller ett event s\u00e4tter ig\u00e5ng har du m\u00f6jlighet att betta live. Du kommer ocks\u00e5 m\u00e4rka att oddsen \u00e4ndrar sig hela tiden beroende p\u00e5 vad som h\u00e4nder i matchen. Det g\u00e4ller allts\u00e5 att vara snabb n\u00e4r du ska betta live. Annars kanske du inte alls f\u00e5r lika h\u00f6g utdelning som du trodde fr\u00e5n b\u00f6rjan.<\/p>\n<p>Hur bettar jag live?<br \/>\nDet f\u00f6rsta du m\u00e5ste g\u00f6ra \u00e4r att registrera dig hos ett spelbolag precis som vanligt. Du kan g\u00f6ra det snabbt med ett mobilt BankID. Sedan s\u00e4tter du bara in pengar med den metod som du f\u00f6redrar. Nu kan du b\u00f6rja se \u00f6ver utbudet av livematcher. Kanske har du redan en match i \u00e5tanke som du vill spela p\u00e5? Eller s\u00e5 kan du bara se vilka event som \u00e4r live den tiden du \u00e4r inloggad.<\/p>\n<p>I \u00f6vrigt s\u00e5 funkar live betting precis som vanligt p\u00e5 ett <a href=\"https:\/\/betting-utan-svensk-licens.net\/\">spelf\u00f6retag utan svensk licens<\/a>. Du fyller i det utfall som du \u00e4r intresserad av att betta p\u00e5. Du kan alltid v\u00e4lja flera utfall p\u00e5 samma kupong om du vill. Sedan fyller du bara i den summa som du vill satsa. N\u00e4r spelet \u00e4r lagt kan du f\u00f6lja matchen och se om ditt spel g\u00e5r hem eller inte.<\/p>\n<p>Analysera matchbilden live<br \/>\nEn stor f\u00f6rdel med live betting \u00e4r att du kan titta p\u00e5 matchen eller eventet live samtidigt som det p\u00e5g\u00e5r. Du kan d\u00e5 <a href=\"https:\/\/www.youtube.com\/watch?v=Y2mG1GWRxt4\">analysera matchen<\/a> och lagen i lugn och ro och f\u00f6rs\u00f6ka f\u00f6rutsp\u00e5 vad som kommer h\u00e4nda h\u00e4rn\u00e4st. Om du ser att ett lag \u00e4r v\u00e4ldigt h\u00e5rt tillbakapressade kan du spela p\u00e5 att motst\u00e5ndarna snart kommer g\u00f6ra n\u00e4sta m\u00e5l. Du kan \u00e4ven spela p\u00e5 att ett lag kommer v\u00e4nda ett underl\u00e4ge. Det brukar vara v\u00e4ldigt f\u00f6rdelaktiga odds p\u00e5 dessa satsningar.<\/p>\n<p>Kan jag s\u00e4lja min kupong?<br \/>\nVissa casinon erbjuder m\u00f6jligheten att s\u00e4lja sin kupong i f\u00f6rtid. Det \u00e4r dock n\u00e5got som du m\u00e5ste h\u00e5lla koll p\u00e5 sj\u00e4lv. D\u00e5 har du chansen att s\u00e4kra din vinst innan matchen \u00e4r slut eller se till att du f\u00e5r lite av din f\u00f6rlust tillbaka. Du m\u00e5ste vara inloggad hos spelbolaget som du spelar p\u00e5 f\u00f6r att se om det \u00e4r m\u00f6jligt att s\u00e4lja din kupong. Det brukar \u00e4ven kallas f\u00f6r cash-out.<\/p>\n<p>G\u00e5r det att f\u00e5 bonusar som \u00e4r till f\u00f6r live betting?<br \/>\nDe flesta spelbolag som erbjuder odds har n\u00e5gon typ av v\u00e4lkomstbonus som \u00e4r avsedd f\u00f6r just betting. Den brukar dock inte vara f\u00f6r live betting specifikt utan en mer generell bonus. Du kan sj\u00e4lv v\u00e4lja om du vill anv\u00e4nda den p\u00e5 live betting eller kanske kombinera lite olika matcher? Om du vill ta en v\u00e4lkomstbonus b\u00f6r du f\u00f6rst l\u00e4sa igenom villkoren. D\u00e4r st\u00e5r det bland annat hur m\u00e5nga g\u00e5nger bonusen m\u00e5ste oms\u00e4ttas innan du kan ta ut pengar. Det st\u00e5r \u00e4ven hur h\u00f6gt odds du ska spela p\u00e5 f\u00f6r att kupongen ska r\u00e4knas mot oms\u00e4ttningen.<\/p>\n<p>Live betting p\u00e5 svensk fotboll<br \/>\nOm du \u00e4lskar att h\u00e4nga med i svensk fotboll kan du alltid passa p\u00e5 att betta live n\u00e4r <a href=\"https:\/\/akademi.degerforsif.se\/matcherna-igang-igen\/\">matcherna \u00e4r ig\u00e5ng<\/a>. D\u00e5 kan du till och med betta p\u00e5 plats p\u00e5 n\u00e5gon arena. Det \u00e4r enkelt eftersom du kan logga in via din mobil och s\u00e4tta in pengar. Sedan \u00e4r det bara att betta p\u00e5 det utfall du vill.<\/p>\n<p>&nbsp;<\/p>\n","protected":false},"excerpt":{"rendered":"<p>Det blir allt mer popul\u00e4rt att betta live p\u00e5 matcherna via dator eller telefon. Det kan du numera g\u00f6ra hos de flesta [&hellip;]<\/p>\n","protected":false},"author":1,"featured_media":0,"parent":0,"menu_order":0,"comment_status":"closed","ping_status":"closed","template":"","meta":{"footnotes":""},"class_list":["post-22","page","type-page","status-publish","hentry"],"_links":{"self":[{"href":"http:\/\/world-trade-search.com\/index.php\/wp-json\/wp\/v2\/pages\/22","targetHints":{"allow":["GET"]}}],"collection":[{"href":"http:\/\/world-trade-search.com\/index.php\/wp-json\/wp\/v2\/pages"}],"about":[{"href":"http:\/\/world-trade-search.com\/index.php\/wp-json\/wp\/v2\/types\/page"}],"author":[{"embeddable":true,"href":"http:\/\/world-trade-search.com\/index.php\/wp-json\/wp\/v2\/users\/1"}],"replies":[{"embeddable":true,"href":"http:\/\/world-trade-search.com\/index.php\/wp-json\/wp\/v2\/comments?post=22"}],"version-history":[{"count":1,"href":"http:\/\/world-trade-search.com\/index.php\/wp-json\/wp\/v2\/pages\/22\/revisions"}],"predecessor-version":[{"id":23,"href":"http:\/\/world-trade-search.com\/index.php\/wp-json\/wp\/v2\/pages\/22\/revisions\/23"}],"wp:attachment":[{"href":"http:\/\/world-trade-search.com\/index.php\/wp-json\/wp\/v2\/media?parent=22"}],"curies":[{"name":"wp","href":"https:\/\/api.w.org\/{rel}","templated":true}]}}