{"id":20,"date":"2023-06-30T11:03:24","date_gmt":"2023-06-30T11:03:24","guid":{"rendered":"https:\/\/world-trade-search.com\/?page_id=20"},"modified":"2023-06-30T11:03:24","modified_gmt":"2023-06-30T11:03:24","slug":"valj-ratt-casino-bonus-hur-ska-man-tanka","status":"publish","type":"page","link":"https:\/\/world-trade-search.com\/index.php\/valj-ratt-casino-bonus-hur-ska-man-tanka\/","title":{"rendered":"V\u00e4lj r\u00e4tt casino bonus &#8211; hur ska man t\u00e4nka?"},"content":{"rendered":"<p>Det finns m\u00e5nga olika sajter med r\u00e5d om hur du ska t\u00e4nka n\u00e4r du ska v\u00e4lja ett casino online f\u00f6r f\u00f6rsta g\u00e5ngen. P\u00e5 dessa sajter pratas det bland annat om s\u00e4kerhet, spelutbud och vikten av en v\u00e4lfungerande support. \u00c4ven valet av v\u00e4lkomstbonus \u00e4r inkluderad, men f\u00e5 sidor g\u00e5r in p\u00e5 bonusen p\u00e5 djupet. Valet av bonus \u00e4r n\u00e4mligen st\u00f6rre och viktigare \u00e4n man kan tro. Den kan n\u00e4mligen vara avg\u00f6rande f\u00f6r om du kommer tycka att n\u00e4tcasinon \u00e4r roliga eller om du kommer f\u00e5 en mycket tr\u00e5kig spelupplevelse.<\/p>\n<p>P\u00e5 svenska n\u00e4tcasinon kommer du endast att kunna ta emot en bonus, v\u00e4lkomstbonusen. D\u00e4rf\u00f6r \u00e4r det ocks\u00e5 extra viktigt att du verkligen \u00e4r n\u00f6jd med den du har valt och att du f\u00e5r schyssta villkor. F\u00f6rr fanns inte denna begr\u00e4nsning och en spelare kunde ta emot hur m\u00e5nga bonusar som helst. Om v\u00e4lkomstbonusen d\u00e5 var d\u00e5lig hade det inte lika stor betydelse, eftersom spelaren snabbt kunde g\u00e5 vidare med en annan. N\u00e4r du st\u00e5r i valet och kvalet av v\u00e4lkomstbonus finns det n\u00e5gra fr\u00e5gor som du b\u00f6r st\u00e4lla dig sj\u00e4lv. H\u00e4r nedan listar vi vad som g\u00e4ller!<\/p>\n<p>S\u00e5 hittar du r\u00e4tt casino bonus<br \/>\nOavsett om du ska v\u00e4lja en casino bonus f\u00f6r f\u00f6rsta, tredje eller femte g\u00e5ngen kan du anv\u00e4nda nedanst\u00e5ende fr\u00e5gor f\u00f6r att s\u00e4kerst\u00e4lla att bonusen fr\u00e5n <a href=\"https:\/\/utl\u00e4ndskacasino.biz\">utl\u00e4ndskacasino<\/a> verkligen passar dig och att den faktiskt kommer komma till anv\u00e4ndning.<\/p>\n<p>1. Vad inneh\u00e5ller bonusen?<\/p>\n<p>Det f\u00f6rsta du ska fr\u00e5ga dig \u00e4r vad bonusen inneh\u00e5ller. Det \u00e4r helt enkelt f\u00f6r att s\u00e4kerst\u00e4lla att du f\u00e5r ett bonussystem som du f\u00f6rst\u00e5r dig p\u00e5 och som kommer till anv\u00e4ndning. Planerar du att s\u00e4tta in ett st\u00f6rre belopp \u00e4r en <a href=\"https:\/\/www.di.se\/debatt\/infor-en-matchningsbonus\/\">matchningsbonus<\/a> ett bra val, medan en matchningsbonus inte kommer till speciellt stor nytta f\u00f6r den som vill spela f\u00f6r max 100-200 kronor och f\u00f6redrar spelautomater. I detta fall kan free spins vara ett b\u00e4ttre alternativ. \u00c4r det ist\u00e4llet sport och odds som intresserar dig kanske inte free spins \u00e4r det roliga att dras med. V\u00e4lj helt enkelt en bonus som faktiskt kommer till nytta f\u00f6r dina <a href=\"https:\/\/www.webhallen.com\/se\/campaign\/8696-Bradspelstips-Webhallens-favoritspel\">favoritspel<\/a>.<\/p>\n<p>2. Vilka krav har bonusen?<\/p>\n<p>En bonus \u00e4r inte gratis, \u00e4ven om casinot kan vilja f\u00e5 det att se ut s\u00e5. Den kommer med b\u00e5de ins\u00e4ttningskrav och oms\u00e4ttningskrav, samt en tidsgr\u00e4ns. Ligger ins\u00e4ttningskravet p\u00e5 ett acceptabelt belopp eller beh\u00f6ver du g\u00f6ra en st\u00f6rre ins\u00e4ttning \u00e4n du k\u00e4nner dig bekv\u00e4m med? Kommer oms\u00e4ttningskravet vara rimligt f\u00f6r dig att leva upp till och \u00e4r du beredd att spendera s\u00e5 mycket som kr\u00e4vs? Naturligtvis m\u00e5ste du \u00e4ven fundera p\u00e5 om tidsgr\u00e4nsen \u00e4r helt okej eller om det kommer vara sv\u00e5rt att oms\u00e4tta bonusen p\u00e5 de antal dagar du f\u00e5r.<\/p>\n<p>3. \u00c4r bonusen flexibel?<\/p>\n<p>F\u00e5r du sj\u00e4lv v\u00e4lja vilka spel du ska anv\u00e4nda dina free spins p\u00e5 eller \u00e4r det casinot som har valt ut spel som de sj\u00e4lva anser passar? F\u00e5r du spela p\u00e5 vilka odds du vill eller kommer bettingsidan att besluta detta \u00e5t dig? En flexibel bonus \u00e4r alltid att rekommendera, eftersom det g\u00f6r det m\u00f6jligt f\u00f6r dig att sj\u00e4lv best\u00e4mma hur den ska komma till anv\u00e4ndning. Det \u00e4r inte roligt om du planerar att anv\u00e4nda dina free spins till en specifik spelautomat som du l\u00e4nge velat testa p\u00e5, bara f\u00f6r att inse att du inte kommer kunna g\u00f6ra detta. Med det sagt b\u00f6r du s\u00e5ledes l\u00e4sa igenom b\u00e5de villkor och det finstilta, eftersom det \u00e4r h\u00e4r som du kommer att hitta all information du beh\u00f6ver f\u00f6r att ta ett bra beslut.<\/p>\n<p>&nbsp;<\/p>\n","protected":false},"excerpt":{"rendered":"<p>Det finns m\u00e5nga olika sajter med r\u00e5d om hur du ska t\u00e4nka n\u00e4r du ska v\u00e4lja ett casino online f\u00f6r f\u00f6rsta g\u00e5ngen. [&hellip;]<\/p>\n","protected":false},"author":1,"featured_media":0,"parent":0,"menu_order":0,"comment_status":"closed","ping_status":"closed","template":"","meta":{"footnotes":""},"class_list":["post-20","page","type-page","status-publish","hentry"],"_links":{"self":[{"href":"https:\/\/world-trade-search.com\/index.php\/wp-json\/wp\/v2\/pages\/20","targetHints":{"allow":["GET"]}}],"collection":[{"href":"https:\/\/world-trade-search.com\/index.php\/wp-json\/wp\/v2\/pages"}],"about":[{"href":"https:\/\/world-trade-search.com\/index.php\/wp-json\/wp\/v2\/types\/page"}],"author":[{"embeddable":true,"href":"https:\/\/world-trade-search.com\/index.php\/wp-json\/wp\/v2\/users\/1"}],"replies":[{"embeddable":true,"href":"https:\/\/world-trade-search.com\/index.php\/wp-json\/wp\/v2\/comments?post=20"}],"version-history":[{"count":1,"href":"https:\/\/world-trade-search.com\/index.php\/wp-json\/wp\/v2\/pages\/20\/revisions"}],"predecessor-version":[{"id":21,"href":"https:\/\/world-trade-search.com\/index.php\/wp-json\/wp\/v2\/pages\/20\/revisions\/21"}],"wp:attachment":[{"href":"https:\/\/world-trade-search.com\/index.php\/wp-json\/wp\/v2\/media?parent=20"}],"curies":[{"name":"wp","href":"https:\/\/api.w.org\/{rel}","templated":true}]}}